{"id":37,"date":"2021-03-08T12:52:12","date_gmt":"2021-03-08T11:52:12","guid":{"rendered":"http:\/\/stwindservice.pl\/?page_id=37"},"modified":"2021-03-08T13:10:14","modified_gmt":"2021-03-08T12:10:14","slug":"oferta","status":"publish","type":"page","link":"https:\/\/stwindservice.pl\/?page_id=37","title":{"rendered":"Oferta"},"content":{"rendered":"\n<ul><li>Serwisy okresowe<\/li><li>Przegl\u0105dy po serwisowe<\/li><li>Audyty<\/li><li>Wymiana \u0142o\u017cysk przek\u0142adni<\/li><li>Pomiary drga\u0144<\/li><li>Inspekcja \u015brub<\/li><li>wymiana p\u0142yn\u00f3w eksploatacyjnych<\/li><li>Usuwanie bie\u017c\u0105cych usterek<\/li><\/ul>\n\n\n\n<p><\/p>\n","protected":false},"excerpt":{"rendered":"<p>Serwisy okresowe Przegl\u0105dy po serwisowe Audyty Wymiana \u0142o\u017cysk przek\u0142adni Pomiary drga\u0144 Inspekcja \u015brub wymiana p\u0142yn\u00f3w eksploatacyjnych Usuwanie bie\u017c\u0105cych usterek<\/p>\n","protected":false},"author":1,"featured_media":0,"parent":0,"menu_order":0,"comment_status":"closed","ping_status":"closed","template":"","meta":[],"_links":{"self":[{"href":"https:\/\/stwindservice.pl\/index.php?rest_route=\/wp\/v2\/pages\/37"}],"collection":[{"href":"https:\/\/stwindservice.pl\/index.php?rest_route=\/wp\/v2\/pages"}],"about":[{"href":"https:\/\/stwindservice.pl\/index.php?rest_route=\/wp\/v2\/types\/page"}],"author":[{"embeddable":true,"href":"https:\/\/stwindservice.pl\/index.php?rest_route=\/wp\/v2\/users\/1"}],"replies":[{"embeddable":true,"href":"https:\/\/stwindservice.pl\/index.php?rest_route=%2Fwp%2Fv2%2Fcomments&post=37"}],"version-history":[{"count":3,"href":"https:\/\/stwindservice.pl\/index.php?rest_route=\/wp\/v2\/pages\/37\/revisions"}],"predecessor-version":[{"id":54,"href":"https:\/\/stwindservice.pl\/index.php?rest_route=\/wp\/v2\/pages\/37\/revisions\/54"}],"wp:attachment":[{"href":"https:\/\/stwindservice.pl\/index.php?rest_route=%2Fwp%2Fv2%2Fmedia&parent=37"}],"curies":[{"name":"wp","href":"https:\/\/api.w.org\/{rel}","templated":true}]}}