{"id":34,"date":"2021-03-08T12:48:47","date_gmt":"2021-03-08T11:48:47","guid":{"rendered":"http:\/\/stwindservice.pl\/?page_id=34"},"modified":"2021-03-08T13:49:08","modified_gmt":"2021-03-08T12:49:08","slug":"o-nas","status":"publish","type":"page","link":"https:\/\/stwindservice.pl\/?page_id=34","title":{"rendered":"O nas"},"content":{"rendered":"\n<p>\nST Wind Service jest firm\u0105 wywodz\u0105c\u0105 si\u0119 z bran\u017cy Energetycznej.<br>Od ponad 20 lat dzia\u0142amy na rynku Energetyki.<br>Posiadamy wykwalifikowan\u0105 kadr\u0119 technik\u00f3w bran\u017cy elektrycznej jak i mechanicznej.<\/p>\n\n\n\n<p>Ka\u017cdy z naszych pracownik\u00f3w terenowych posiada uprawnienia konieczne do pracy przy turbinach wiatrowych tj:<\/p>\n\n\n\n<p>&#8211; szkolenie wysoko\u015bciowe tj GWO.<\/p>\n\n\n\n<p>&#8211; uprawnienia elektryczne E1,D1 oraz energetyczne E2,D2<\/p>\n\n\n\n<p>&#8211; pierwsza pomoc przed medyczna.\n\n<\/p>\n","protected":false},"excerpt":{"rendered":"<p>ST Wind Service jest firm\u0105 wywodz\u0105c\u0105 si\u0119 z bran\u017cy Energetycznej.Od ponad 20 lat dzia\u0142amy na rynku Energetyki.Posiadamy wykwalifikowan\u0105 kadr\u0119 technik\u00f3w bran\u017cy elektrycznej jak i mechanicznej. Ka\u017cdy z naszych pracownik\u00f3w terenowych posiada uprawnienia konieczne do pracy przy turbinach wiatrowych tj: &#8211; szkolenie wysoko\u015bciowe tj GWO. &#8211; uprawnienia elektryczne E1,D1 oraz energetyczne&#8230;<\/p>\n","protected":false},"author":1,"featured_media":0,"parent":0,"menu_order":0,"comment_status":"closed","ping_status":"closed","template":"","meta":[],"_links":{"self":[{"href":"https:\/\/stwindservice.pl\/index.php?rest_route=\/wp\/v2\/pages\/34"}],"collection":[{"href":"https:\/\/stwindservice.pl\/index.php?rest_route=\/wp\/v2\/pages"}],"about":[{"href":"https:\/\/stwindservice.pl\/index.php?rest_route=\/wp\/v2\/types\/page"}],"author":[{"embeddable":true,"href":"https:\/\/stwindservice.pl\/index.php?rest_route=\/wp\/v2\/users\/1"}],"replies":[{"embeddable":true,"href":"https:\/\/stwindservice.pl\/index.php?rest_route=%2Fwp%2Fv2%2Fcomments&post=34"}],"version-history":[{"count":1,"href":"https:\/\/stwindservice.pl\/index.php?rest_route=\/wp\/v2\/pages\/34\/revisions"}],"predecessor-version":[{"id":35,"href":"https:\/\/stwindservice.pl\/index.php?rest_route=\/wp\/v2\/pages\/34\/revisions\/35"}],"wp:attachment":[{"href":"https:\/\/stwindservice.pl\/index.php?rest_route=%2Fwp%2Fv2%2Fmedia&parent=34"}],"curies":[{"name":"wp","href":"https:\/\/api.w.org\/{rel}","templated":true}]}}